{"id":387,"date":"2022-10-12T15:31:57","date_gmt":"2022-10-12T15:31:57","guid":{"rendered":"https:\/\/startersites.io\/elementor\/wood\/?page_id=387"},"modified":"2026-04-06T10:17:17","modified_gmt":"2026-04-06T08:17:17","slug":"home","status":"publish","type":"page","link":"https:\/\/sunshinestuga.se\/sv\/","title":{"rendered":"Hem"},"content":{"rendered":"\t\t<div data-elementor-type=\"wp-page\" data-elementor-id=\"387\" class=\"elementor elementor-387\" data-elementor-post-type=\"page\">\n\t\t\t\t<div class=\"elementor-element elementor-element-75f3cb1 e-flex e-con-boxed e-con e-parent\" data-id=\"75f3cb1\" data-element_type=\"container\" data-e-type=\"container\" data-settings=\"{&quot;background_background&quot;:&quot;classic&quot;}\">\n\t\t\t\t\t<div class=\"e-con-inner\">\n\t\t<div class=\"elementor-element elementor-element-463f3db e-con-full e-flex e-con e-child\" data-id=\"463f3db\" data-element_type=\"container\" data-e-type=\"container\">\n\t\t\t\t<div class=\"elementor-element elementor-element-8bccaea elementor-widget elementor-widget-heading\" data-id=\"8bccaea\" data-element_type=\"widget\" data-e-type=\"widget\" data-widget_type=\"heading.default\">\n\t\t\t\t\t<h1 class=\"elementor-heading-title elementor-size-default\">Our Holiday Cottages<\/h1>\t\t\t\t<\/div>\n\t\t\t\t<div class=\"elementor-element elementor-element-642615c elementor-widget elementor-widget-text-editor\" data-id=\"642615c\" data-element_type=\"widget\" data-e-type=\"widget\" data-widget_type=\"text-editor.default\">\n\t\t\t\t\t\t\t\t\t<p>in some of the most breathtaking locations in the province of J\u00e4mtland in Sweden.<\/p>\t\t\t\t\t\t\t\t<\/div>\n\t\t<div class=\"elementor-element elementor-element-f5af9f2 e-con-full e-flex e-con e-child\" data-id=\"f5af9f2\" data-element_type=\"container\" data-e-type=\"container\">\n\t\t<div class=\"elementor-element elementor-element-e583af6 e-flex e-con-boxed e-con e-child\" data-id=\"e583af6\" data-element_type=\"container\" data-e-type=\"container\" data-settings=\"{&quot;background_background&quot;:&quot;classic&quot;}\">\n\t\t\t\t\t<div class=\"e-con-inner\">\n\t\t\t\t<div class=\"elementor-element elementor-element-0ac66f5 elementor-widget elementor-widget-image\" data-id=\"0ac66f5\" data-element_type=\"widget\" data-e-type=\"widget\" data-settings=\"{&quot;motion_fx_motion_fx_scrolling&quot;:&quot;yes&quot;,&quot;motion_fx_devices&quot;:[&quot;desktop&quot;,&quot;tablet&quot;,&quot;mobile&quot;]}\" data-widget_type=\"image.default\">\n\t\t\t\t\t\t\t\t\t\t\t\t\t\t\t\t<a href=\"https:\/\/sunshinestuga.se\/stuga-bergvik-sunshine-stuga-jamtland\/\">\n\t\t\t\t\t\t\t<img fetchpriority=\"high\" decoding=\"async\" width=\"1024\" height=\"768\" src=\"https:\/\/sunshinestuga.se\/wp-content\/uploads\/2025\/06\/StugaBergvik-Outside-Terras-Lupine-groot-1024x768.avif\" class=\"attachment-large size-large wp-image-802\" alt=\"Sunshine Stuga Bergvik\" srcset=\"https:\/\/sunshinestuga.se\/wp-content\/uploads\/2025\/06\/StugaBergvik-Outside-Terras-Lupine-groot-1024x768.avif 1024w, https:\/\/sunshinestuga.se\/wp-content\/uploads\/2025\/06\/StugaBergvik-Outside-Terras-Lupine-groot-300x225.avif 300w, https:\/\/sunshinestuga.se\/wp-content\/uploads\/2025\/06\/StugaBergvik-Outside-Terras-Lupine-groot-768x576.avif 768w, https:\/\/sunshinestuga.se\/wp-content\/uploads\/2025\/06\/StugaBergvik-Outside-Terras-Lupine-groot.avif 1280w\" sizes=\"(max-width: 1024px) 100vw, 1024px\" \/>\t\t\t\t\t\t\t\t<\/a>\n\t\t\t\t\t\t\t\t\t\t\t\t\t\t\t<\/div>\n\t\t\t\t<div class=\"elementor-element elementor-element-db36a67 elementor-widget elementor-widget-heading\" data-id=\"db36a67\" data-element_type=\"widget\" data-e-type=\"widget\" data-widget_type=\"heading.default\">\n\t\t\t\t\t<h3 class=\"elementor-heading-title elementor-size-default\"><a href=\"https:\/\/sunshinestuga.se\/stuga-bergvik-sunshine-stuga-jamtland\/\">Stuga Bergvik<\/a><\/h3>\t\t\t\t<\/div>\n\t\t\t\t<div class=\"elementor-element elementor-element-b07e8da elementor-widget elementor-widget-text-editor\" data-id=\"b07e8da\" data-element_type=\"widget\" data-e-type=\"widget\" data-widget_type=\"text-editor.default\">\n\t\t\t\t\t\t\t\t\t<p>Bergvik-Mars\u00e4tt 120<br \/>840 50 G\u00e4ll\u00f6 &#8211; J\u00e4mtland &#8211; Sweden<\/p>\t\t\t\t\t\t\t\t<\/div>\n\t\t\t\t\t<\/div>\n\t\t\t\t<\/div>\n\t\t<div class=\"elementor-element elementor-element-93b83ac e-flex e-con-boxed e-con e-child\" data-id=\"93b83ac\" data-element_type=\"container\" data-e-type=\"container\" data-settings=\"{&quot;background_background&quot;:&quot;classic&quot;}\">\n\t\t\t\t\t<div class=\"e-con-inner\">\n\t\t\t\t<div class=\"elementor-element elementor-element-d30b82f elementor-widget elementor-widget-image\" data-id=\"d30b82f\" data-element_type=\"widget\" data-e-type=\"widget\" data-widget_type=\"image.default\">\n\t\t\t\t\t\t\t\t\t\t\t\t\t\t\t\t<a href=\"https:\/\/sunshinestuga.se\/stuga-mortsjon-holiday-cottage-lake\/\">\n\t\t\t\t\t\t\t<img decoding=\"async\" width=\"1024\" height=\"768\" src=\"https:\/\/sunshinestuga.se\/wp-content\/uploads\/2026\/04\/20250710_111043803_iOS-1024x768.jpg\" class=\"attachment-large size-large wp-image-2858\" alt=\"\" srcset=\"https:\/\/sunshinestuga.se\/wp-content\/uploads\/2026\/04\/20250710_111043803_iOS-1024x768.jpg 1024w, https:\/\/sunshinestuga.se\/wp-content\/uploads\/2026\/04\/20250710_111043803_iOS-300x225.jpg 300w, https:\/\/sunshinestuga.se\/wp-content\/uploads\/2026\/04\/20250710_111043803_iOS-768x576.jpg 768w, https:\/\/sunshinestuga.se\/wp-content\/uploads\/2026\/04\/20250710_111043803_iOS-1536x1152.jpg 1536w, https:\/\/sunshinestuga.se\/wp-content\/uploads\/2026\/04\/20250710_111043803_iOS-2048x1536.jpg 2048w, https:\/\/sunshinestuga.se\/wp-content\/uploads\/2026\/04\/20250710_111043803_iOS-16x12.jpg 16w\" sizes=\"(max-width: 1024px) 100vw, 1024px\" \/>\t\t\t\t\t\t\t\t<\/a>\n\t\t\t\t\t\t\t\t\t\t\t\t\t\t\t<\/div>\n\t\t\t\t<div class=\"elementor-element elementor-element-6bd30e0 elementor-widget elementor-widget-heading\" data-id=\"6bd30e0\" data-element_type=\"widget\" data-e-type=\"widget\" data-widget_type=\"heading.default\">\n\t\t\t\t\t<h3 class=\"elementor-heading-title elementor-size-default\"><a href=\"https:\/\/sunshinestuga.se\/stuga-mortsjon-holiday-cottage-lake\/\">Stuga M\u00f6rtsj\u00f6n<\/a><\/h3>\t\t\t\t<\/div>\n\t\t\t\t<div class=\"elementor-element elementor-element-21f68f9 elementor-widget elementor-widget-text-editor\" data-id=\"21f68f9\" data-element_type=\"widget\" data-e-type=\"widget\" data-widget_type=\"text-editor.default\">\n\t\t\t\t\t\t\t\t\t<p>M\u00f6rtsj\u00f6v\u00e4gen 8<br \/>844 96 Stugun &#8211; J\u00e4mtland &#8211; Sweden<\/p><p>\u00a0<\/p>\t\t\t\t\t\t\t\t<\/div>\n\t\t\t\t\t<\/div>\n\t\t\t\t<\/div>\n\t\t\t\t<\/div>\n\t\t\t\t<\/div>\n\t\t\t\t\t<\/div>\n\t\t\t\t<\/div>\n\t\t<div class=\"elementor-element elementor-element-b33c548 e-flex e-con-boxed e-con e-parent\" data-id=\"b33c548\" data-element_type=\"container\" data-e-type=\"container\">\n\t\t\t\t\t<div class=\"e-con-inner\">\n\t\t\t\t<div class=\"elementor-element elementor-element-c9a9820 elementor-widget elementor-widget-heading\" data-id=\"c9a9820\" data-element_type=\"widget\" data-e-type=\"widget\" data-widget_type=\"heading.default\">\n\t\t\t\t\t<h2 class=\"elementor-heading-title elementor-size-default\">Year-Round Adventures Await at Sunshine Stuga in J\u00e4mtland<\/h2>\t\t\t\t<\/div>\n\t\t\t\t<div class=\"elementor-element elementor-element-adc8296 elementor-widget elementor-widget-text-editor\" data-id=\"adc8296\" data-element_type=\"widget\" data-e-type=\"widget\" data-widget_type=\"text-editor.default\">\n\t\t\t\t\t\t\t\t\t<p>Discover the ultimate holiday retreat at Sunshine Stuga, nestled in the picturesque landscapes of J\u00e4mtland, Sweden. Our charming holiday houses are perfect for families and couples seeking a blend of <a href=\"https:\/\/sunshinestuga.se\/activities-in-the-surrounding\/\">adventure and relaxation<\/a>. In winter, immerse yourself in snow-covered wonderlands with activities like cross-country skiing (langlaufen), dogsledding, and ice fishing. Summer offers a different kind of magic, with hiking trails, swimming, and fishing in pristine lakes.<\/p><p>Explore nearby \u00d6stersund, visit the historical Jamtli museum, and experience wildlife up close at Moose Garden. With a proven track record of delighted guests and glowing reviews on Airbnb and Booking.com, Sunshine Stuga ensures an unforgettable stay. Book your escape today and embrace the year-round adventures and serenity of J\u00e4mtland at Sunshine Stuga!<\/p>\t\t\t\t\t\t\t\t<\/div>\n\t\t\t\t\t<\/div>\n\t\t\t\t<\/div>\n\t\t\t\t<\/div>\n\t\t","protected":false},"excerpt":{"rendered":"<p>Our Holiday Cottages in some of the most breathtaking locations in the province of J\u00e4mtland in Sweden. Stuga Bergvik Bergvik-Mars\u00e4tt 120840 50 G\u00e4ll\u00f6 &#8211; J\u00e4mtland &#8211; Sweden Stuga M\u00f6rtsj\u00f6n M\u00f6rtsj\u00f6v\u00e4gen 8844 96 Stugun &#8211; J\u00e4mtland &#8211; Sweden \u00a0 Year-Round Adventures Await at Sunshine Stuga in J\u00e4mtland Discover the ultimate holiday retreat at Sunshine Stuga, nestled [&hellip;]<\/p>\n","protected":false},"author":1,"featured_media":0,"parent":0,"menu_order":0,"comment_status":"closed","ping_status":"closed","template":"","meta":{"footnotes":""},"class_list":["post-387","page","type-page","status-publish","hentry"],"blocksy_meta":{"page_title_panel":"","has_hero_section":"disabled","fc334a14bfe55bf7b585e856308a290a":"","hero_section":"type-1","hero_elements":[{"id":"custom_title","enabled":true,"heading_tag":"h1","title":"Hem"},{"id":"custom_description","enabled":true,"description_visibility":{"desktop":true,"tablet":true,"mobile":false}},{"id":"custom_meta","enabled":false,"meta_elements":[{"id":"author","enabled":true,"label":"By","has_author_avatar":"yes","avatar_size":25},{"id":"post_date","enabled":true,"label":"On","date_format_source":"default","date_format":"M j, Y"},{"id":"updated_date","enabled":false,"label":"On","date_format_source":"default","date_format":"M j, Y"},{"id":"categories","enabled":false,"label":"In","style":"simple"},{"id":"comments","enabled":true}],"page_meta_elements":{"joined":true,"articles_count":true,"comments":true}},{"id":"breadcrumbs","enabled":false}],"17c06022d6536193aa0003966226b9bc":"","hero_alignment1":"CT_CSS_SKIP_RULE","hero_margin":40,"hero_alignment2":"center","hero_vertical_alignment":"center","98a3a73a74bb83f987a5903730f36829":"","hero_structure":"narrow","b067616189881d732d0bbe741b43aaaf":"","page_title_bg_type":"featured_image","custom_hero_background":{"attachment_id":null},"page_title_image_size":"full","parallax":{"desktop":false,"tablet":false,"mobile":false},"344d922c2a05b40852b892134a29cdb4":"","hero_height":"250px","pageTitleFont":{"family":"Default","variation":"Default","size":"30px","line-height":"CT_CSS_SKIP_RULE","letter-spacing":"CT_CSS_SKIP_RULE","text-transform":"CT_CSS_SKIP_RULE","text-decoration":"CT_CSS_SKIP_RULE"},"pageTitleFontColor":{"default":{"color":"CT_CSS_SKIP_RULEDEFAULT"}},"pageMetaFont":{"family":"Default","variation":"n6","size":"12px","line-height":"1.3","letter-spacing":"CT_CSS_SKIP_RULE","text-transform":"uppercase","text-decoration":"CT_CSS_SKIP_RULE"},"pageMetaFontColor":{"default":{"color":"CT_CSS_SKIP_RULEDEFAULT"},"hover":{"color":"CT_CSS_SKIP_RULEDEFAULT"}},"page_meta_button_type_font_colors":{"default":{"color":"CT_CSS_SKIP_RULEDEFAULT"},"hover":{"color":"CT_CSS_SKIP_RULEDEFAULT"}},"page_meta_button_type_background_colors":{"default":{"color":"CT_CSS_SKIP_RULEDEFAULT"},"hover":{"color":"CT_CSS_SKIP_RULEDEFAULT"}},"pageExcerptFont":{"family":"Default","variation":"Default","size":"CT_CSS_SKIP_RULE","line-height":"CT_CSS_SKIP_RULE","letter-spacing":"CT_CSS_SKIP_RULE","text-transform":"CT_CSS_SKIP_RULE","text-decoration":"CT_CSS_SKIP_RULE"},"pageExcerptColor":{"default":{"color":"CT_CSS_SKIP_RULEDEFAULT"}},"breadcrumbsFont":{"family":"Default","variation":"Default","size":"CT_CSS_SKIP_RULE","line-height":"CT_CSS_SKIP_RULE","letter-spacing":"CT_CSS_SKIP_RULE","text-transform":"CT_CSS_SKIP_RULE","text-decoration":"CT_CSS_SKIP_RULE"},"breadcrumbsFontColor":{"default":{"color":"CT_CSS_SKIP_RULEDEFAULT"},"initial":{"color":"CT_CSS_SKIP_RULEDEFAULT"},"hover":{"color":"CT_CSS_SKIP_RULEDEFAULT"}},"pageTitleOverlay":{"background_type":"color","background_pattern":"type-1","background_image":{"attachment_id":null,"x":0,"y":0},"gradient":"linear-gradient(135deg,rgba(6,147,227,1) 0%,rgb(155,81,224) 100%)","background_repeat":"repeat","background_size":"auto","background_attachment":"scroll","patternColor":{"default":{"color":"#e5e7ea"}},"overlayColor":{"default":{"color":"CT_CSS_SKIP_RULE"}},"backgroundColor":{"default":{"color":"CT_CSS_SKIP_RULE"}}},"pageTitleBackground":{"background_type":"color","background_pattern":"type-1","background_image":{"attachment_id":null,"x":0,"y":0},"gradient":"linear-gradient(135deg,rgba(6,147,227,1) 0%,rgb(155,81,224) 100%)","background_repeat":"repeat","background_size":"auto","background_attachment":"scroll","patternColor":{"default":{"color":"#e5e7ea"}},"overlayColor":{"default":{"color":"CT_CSS_SKIP_RULE"}},"backgroundColor":{"default":{"color":"var(--theme-palette-color-6)"}}},"pageTitlePadding":{"top":"50px","bottom":"50px","left":"auto","right":"auto","linked":true},"3588d06a5d25dd66e16f1ccf343bc91f":"","page_structure_type":"default","bfa72f60b767932bbf83c39c66a54e9c":"","content_style_source":"inherit","content_style":"wide","vertical_spacing_source":"custom","content_area_spacing":"none","background":{"background_type":"color","background_pattern":"type-1","background_image":{"attachment_id":null,"x":0,"y":0},"gradient":"linear-gradient(135deg,rgba(6,147,227,1) 0%,rgb(155,81,224) 100%)","background_repeat":"repeat","background_size":"auto","background_attachment":"scroll","patternColor":{"default":{"color":"#e5e7ea"}},"overlayColor":{"default":{"color":"CT_CSS_SKIP_RULE"}},"backgroundColor":{"default":{"color":"CT_CSS_SKIP_RULE"}}},"content_background":{"background_type":"color","background_pattern":"type-1","background_image":{"attachment_id":null,"x":0,"y":0},"gradient":"linear-gradient(135deg,rgba(6,147,227,1) 0%,rgb(155,81,224) 100%)","background_repeat":"repeat","background_size":"auto","background_attachment":"scroll","patternColor":{"default":{"color":"#e5e7ea"}},"overlayColor":{"default":{"color":"CT_CSS_SKIP_RULE"}},"backgroundColor":{"default":{"color":"var(--theme-palette-color-8)"}}},"content_boxed_shadow":{"inherit":false,"blur":18,"spread":-6,"v_offset":12,"h_offset":0,"inset":false,"enable":true,"color":{"color":"rgba(34, 56, 101, 0.04)"}},"content_boxed_border":{"width":1,"style":"none","color":{"color":"rgba(44,62,80,0.2)"}},"content_boxed_radius":{"top":"3px","bottom":"3px","left":"3px","right":"3px","linked":true},"boxed_content_spacing":{"desktop":{"top":"40px","bottom":"40px","left":"40px","right":"40px","linked":true},"tablet":{"top":"35px","bottom":"35px","left":"35px","right":"35px","linked":true},"mobile":{"top":"20px","bottom":"20px","left":"20px","right":"20px","linked":true}},"b1a355ec0dda91dc63173c9a8721632d":"","disable_featured_image":"no","disable_share_box":"no","disable_header":"no","disable_footer":"no","styles_descriptor":{"styles":{"desktop":"","tablet":"","mobile":""},"google_fonts":[],"version":6}},"_links":{"self":[{"href":"https:\/\/sunshinestuga.se\/sv\/wp-json\/wp\/v2\/pages\/387","targetHints":{"allow":["GET"]}}],"collection":[{"href":"https:\/\/sunshinestuga.se\/sv\/wp-json\/wp\/v2\/pages"}],"about":[{"href":"https:\/\/sunshinestuga.se\/sv\/wp-json\/wp\/v2\/types\/page"}],"author":[{"embeddable":true,"href":"https:\/\/sunshinestuga.se\/sv\/wp-json\/wp\/v2\/users\/1"}],"replies":[{"embeddable":true,"href":"https:\/\/sunshinestuga.se\/sv\/wp-json\/wp\/v2\/comments?post=387"}],"version-history":[{"count":93,"href":"https:\/\/sunshinestuga.se\/sv\/wp-json\/wp\/v2\/pages\/387\/revisions"}],"predecessor-version":[{"id":2861,"href":"https:\/\/sunshinestuga.se\/sv\/wp-json\/wp\/v2\/pages\/387\/revisions\/2861"}],"wp:attachment":[{"href":"https:\/\/sunshinestuga.se\/sv\/wp-json\/wp\/v2\/media?parent=387"}],"curies":[{"name":"wp","href":"https:\/\/api.w.org\/{rel}","templated":true}]}}