{"id":2666,"date":"2025-09-28T15:07:51","date_gmt":"2025-09-28T13:07:51","guid":{"rendered":"https:\/\/sunshinestuga.se\/?page_id=2666"},"modified":"2025-10-24T10:11:57","modified_gmt":"2025-10-24T08:11:57","slug":"fiske","status":"publish","type":"page","link":"https:\/\/sunshinestuga.se\/sv\/fishing\/","title":{"rendered":"Fiske"},"content":{"rendered":"<div data-elementor-type=\"wp-page\" data-elementor-id=\"2666\" class=\"elementor elementor-2666\" data-elementor-post-type=\"page\">\n\t\t\t\t<div class=\"elementor-element elementor-element-56c75a6 e-flex e-con-boxed e-con e-parent\" data-id=\"56c75a6\" data-element_type=\"container\" data-e-type=\"container\" data-settings=\"{&quot;background_background&quot;:&quot;classic&quot;}\">\n\t\t\t\t\t<div class=\"e-con-inner\">\n\t\t\t\t<div class=\"elementor-element elementor-element-36ce806 elementor-widget elementor-widget-heading\" data-id=\"36ce806\" data-element_type=\"widget\" data-e-type=\"widget\" data-widget_type=\"heading.default\">\n\t\t\t\t\t<h2 class=\"elementor-heading-title elementor-size-default\">Fiske<\/h2>\t\t\t\t<\/div>\n\t\t\t\t<div class=\"elementor-element elementor-element-bccafc6 elementor-widget elementor-widget-text-editor\" data-id=\"bccafc6\" data-element_type=\"widget\" data-e-type=\"widget\" data-widget_type=\"text-editor.default\">\n\t\t\t\t\t\t\t\t\t<p>Denna information har \u00e4ven m\u00f6jliggjorts av Patrick van Eldert - g\u00e4st i september 2025.<\/p><p>Det \u00e4r viktigt att du har ett giltigt fiskekort, annars riskerar du b\u00f6ter p\u00e5 SEK 2.000:- Detta kan enkelt k\u00f6pas online p\u00e5 <a href=\"https:\/\/www.ifiske.se\" target=\"_blank\" rel=\"noopener\">iFiske.se.<\/a><\/p>\t\t\t\t\t\t\t\t<\/div>\n\t\t\t\t\t<\/div>\n\t\t\t\t<\/div>\n\t\t<div class=\"elementor-element elementor-element-4c84b57 e-flex e-con-boxed e-con e-parent\" data-id=\"4c84b57\" data-element_type=\"container\" data-e-type=\"container\">\n\t\t\t\t\t<div class=\"e-con-inner\">\n\t\t<div class=\"elementor-element elementor-element-63a7f22 e-con-full e-flex e-con e-child\" data-id=\"63a7f22\" data-element_type=\"container\" data-e-type=\"container\">\n\t\t\t\t<div class=\"elementor-element elementor-element-6c74abe elementor-widget elementor-widget-heading\" data-id=\"6c74abe\" data-element_type=\"widget\" data-e-type=\"widget\" data-widget_type=\"heading.default\">\n\t\t\t\t\t<h2 class=\"elementor-heading-title elementor-size-default\">Fiske i n\u00e4rheten av Sunshine Stuga M\u00f6rtsj\u00f6n<\/h2>\t\t\t\t<\/div>\n\t\t\t\t<div class=\"elementor-element elementor-element-f694b6c elementor-widget elementor-widget-n-accordion\" data-id=\"f694b6c\" data-element_type=\"widget\" data-e-type=\"widget\" data-settings=\"{&quot;default_state&quot;:&quot;expanded&quot;,&quot;max_items_expended&quot;:&quot;one&quot;,&quot;n_accordion_animation_duration&quot;:{&quot;unit&quot;:&quot;ms&quot;,&quot;size&quot;:400,&quot;sizes&quot;:[]}}\" data-widget_type=\"nested-accordion.default\">\n\t\t\t\t\t\t\t<div class=\"e-n-accordion\" aria-label=\"Dragspel. \u00d6ppna l\u00e4nkar med Enter eller Space, st\u00e4ng med Escape och navigera med piltangenterna\">\n\t\t\t\t\t\t<details id=\"e-n-accordion-item-2580\" class=\"e-n-accordion-item\" open>\n\t\t\t\t<summary class=\"e-n-accordion-item-title\" data-accordion-index=\"1\" tabindex=\"0\" aria-expanded=\"true\" aria-controls=\"e-n-accordion-item-2580\" >\n\t\t\t\t\t<span class='e-n-accordion-item-title-header'><div class=\"e-n-accordion-item-title-text\"> Matviktj\u00e4rnen <\/div><\/span>\n\t\t\t\t\t\t\t<span class='e-n-accordion-item-title-icon'>\n\t\t\t<span class='e-opened' ><svg aria-hidden=\"true\" class=\"e-font-icon-svg e-fas-minus\" viewbox=\"0 0 448 512\" xmlns=\"http:\/\/www.w3.org\/2000\/svg\"><path d=\"M416 208H32c-17.67 0-32 14.33-32 32v32c0 17.67 14.33 32 32 32h384c17.67 0 32-14.33 32-32v-32c0-17.67-14.33-32-32-32z\"><\/path><\/svg><\/span>\n\t\t\t<span class='e-closed'><svg aria-hidden=\"true\" class=\"e-font-icon-svg e-fas-plus\" viewbox=\"0 0 448 512\" xmlns=\"http:\/\/www.w3.org\/2000\/svg\"><path d=\"M416 208H272V64c0-17.67-14.33-32-32-32h-32c-17.67 0-32 14.33-32 32v144H32c-17.67 0-32 14.33-32 32v32c0 17.67 14.33 32 32 32h144v144c0 17.67 14.33 32 32 32h32c17.67 0 32-14.33 32-32V304h144c17.67 0 32-14.33 32-32v-32c0-17.67-14.33-32-32-32z\"><\/path><\/svg><\/span>\n\t\t<\/span>\n\n\t\t\t\t\t\t<\/summary>\n\t\t\t\t<div role=\"region\" aria-labelledby=\"e-n-accordion-item-2580\" class=\"elementor-element elementor-element-aadc4c9 e-con-full e-flex e-con e-child\" data-id=\"aadc4c9\" data-element_type=\"container\" data-e-type=\"container\">\n\t\t\t\t<div class=\"elementor-element elementor-element-51d04c7 elementor-widget elementor-widget-text-editor\" data-id=\"51d04c7\" data-element_type=\"widget\" data-e-type=\"widget\" data-widget_type=\"text-editor.default\">\n\t\t\t\t\t\t\t\t\t<p>Fr\u00e5n stugan \u00e4r det ca 15 minuters promenad till sj\u00f6n Matviktj\u00e4rnen, eller 2 minuters bilf\u00e4rd.<\/p><p>D\u00e4r hittar du en gammal, n\u00e5got \u00f6vervuxen parkeringsplats p\u00e5 v\u00e4nster sida. P\u00e5 h\u00f6ger sida finns en gammal tr\u00e4trappa. Ta ner den och du kan fiska en vacker str\u00e4cka p\u00e5 v\u00e4nster sida av sj\u00f6n (fr\u00e4mst g\u00e4dda och abborre, men \u00e4ven \u00f6ring m.m.).<\/p><p>V\u00e4nligen notera! Tr\u00e4trapporna \u00e4r ruttna. Du kan l\u00e4tt falla igenom den. Det \u00e4r s\u00e4krare att f\u00f6rsiktigt g\u00e5 nerf\u00f6r backen, vilket ocks\u00e5 \u00e4r l\u00e4tt att g\u00f6ra.<\/p><p>St\u00f6vlar \u00e4r att rekommendera. M\u00e5nga omr\u00e5den \u00e4r fuktiga eller sumpiga.<\/p>\t\t\t\t\t\t\t\t<\/div>\n\t\t\t\t<div class=\"elementor-element elementor-element-97ac61a elementor-widget elementor-widget-image\" data-id=\"97ac61a\" data-element_type=\"widget\" data-e-type=\"widget\" data-widget_type=\"image.default\">\n\t\t\t\t\t\t\t\t\t\t\t\t\t\t\t<img fetchpriority=\"high\" decoding=\"async\" width=\"768\" height=\"482\" src=\"https:\/\/sunshinestuga.se\/wp-content\/uploads\/2025\/09\/Matviktjarnen-map-e1759056937310-768x482.avif\" class=\"attachment-medium_large size-medium_large wp-image-2632\" alt=\"\" srcset=\"https:\/\/sunshinestuga.se\/wp-content\/uploads\/2025\/09\/Matviktjarnen-map-e1759056937310-768x482.avif 768w, https:\/\/sunshinestuga.se\/wp-content\/uploads\/2025\/09\/Matviktjarnen-map-e1759056937310-300x188.avif 300w, https:\/\/sunshinestuga.se\/wp-content\/uploads\/2025\/09\/Matviktjarnen-map-e1759056937310-18x12.avif 18w, https:\/\/sunshinestuga.se\/wp-content\/uploads\/2025\/09\/Matviktjarnen-map-e1759056937310.avif 960w\" sizes=\"(max-width: 768px) 100vw, 768px\" \/>\t\t\t\t\t\t\t\t\t\t\t\t\t\t\t<\/div>\n\t\t\t\t<div class=\"elementor-element elementor-element-f6a8e85 elementor-widget elementor-widget-text-editor\" data-id=\"f6a8e85\" data-element_type=\"widget\" data-e-type=\"widget\" data-widget_type=\"text-editor.default\">\n\t\t\t\t\t\t\t\t\t<p>Parkera vid den orange stenen, trappan ligger p\u00e5 andra sidan.<\/p>\t\t\t\t\t\t\t\t<\/div>\n\t\t\t\t<\/div>\n\t\t\t\t\t<\/details>\n\t\t\t\t\t\t<details id=\"e-n-accordion-item-2581\" class=\"e-n-accordion-item\" >\n\t\t\t\t<summary class=\"e-n-accordion-item-title\" data-accordion-index=\"2\" tabindex=\"-1\" aria-expanded=\"false\" aria-controls=\"e-n-accordion-item-2581\" >\n\t\t\t\t\t<span class='e-n-accordion-item-title-header'><div class=\"e-n-accordion-item-title-text\"> Hornsj\u00f6n <\/div><\/span>\n\t\t\t\t\t\t\t<span class='e-n-accordion-item-title-icon'>\n\t\t\t<span class='e-opened' ><svg aria-hidden=\"true\" class=\"e-font-icon-svg e-fas-minus\" viewbox=\"0 0 448 512\" xmlns=\"http:\/\/www.w3.org\/2000\/svg\"><path d=\"M416 208H32c-17.67 0-32 14.33-32 32v32c0 17.67 14.33 32 32 32h384c17.67 0 32-14.33 32-32v-32c0-17.67-14.33-32-32-32z\"><\/path><\/svg><\/span>\n\t\t\t<span class='e-closed'><svg aria-hidden=\"true\" class=\"e-font-icon-svg e-fas-plus\" viewbox=\"0 0 448 512\" xmlns=\"http:\/\/www.w3.org\/2000\/svg\"><path d=\"M416 208H272V64c0-17.67-14.33-32-32-32h-32c-17.67 0-32 14.33-32 32v144H32c-17.67 0-32 14.33-32 32v32c0 17.67 14.33 32 32 32h144v144c0 17.67 14.33 32 32 32h32c17.67 0 32-14.33 32-32V304h144c17.67 0 32-14.33 32-32v-32c0-17.67-14.33-32-32-32z\"><\/path><\/svg><\/span>\n\t\t<\/span>\n\n\t\t\t\t\t\t<\/summary>\n\t\t\t\t<div role=\"region\" aria-labelledby=\"e-n-accordion-item-2581\" class=\"elementor-element elementor-element-492f10a e-con-full e-flex e-con e-child\" data-id=\"492f10a\" data-element_type=\"container\" data-e-type=\"container\">\n\t\t\t\t<div class=\"elementor-element elementor-element-6fcad63 elementor-widget elementor-widget-text-editor\" data-id=\"6fcad63\" data-element_type=\"widget\" data-e-type=\"widget\" data-widget_type=\"text-editor.default\">\n\t\t\t\t\t\t\t\t\t<p>Kortpriset \u00e4r SEK 200:-. Max 3 fiskar per kort. I Hornsj\u00f6n g\u00e4ller dagkorten fr\u00e5n kl. 00.00 till 24.00. I Hornsj\u00f6n \u00e4r det under sommaren endast till\u00e5tet att fiska fr\u00e5n land. B\u00e5tar \u00e4r f\u00f6rbjudna. Vid Hornsj\u00f6n till\u00e4mpas en kontrollavgift p\u00e5 2000 kr f\u00f6r \u00f6vertr\u00e4delser av f\u00f6reningens regler.<\/p><p>En Telia-mast \u00e4r nu p\u00e5 plats vid Hornsj\u00f6n, s\u00e5 de som har Telia i mobilen har inga problem att l\u00f6sa in kort via ifiske.<\/p><p>Under f\u00f6rsommaren 2025 planterades regnb\u00e5gslaxar som v\u00e4gde 5 till 11 kg. I mitten av juni anl\u00e4nder 500 kg regnb\u00e5ge med en genomsnittlig vikt p\u00e5 cirka ett kilo. Under h\u00f6sten 2025 kommer 500 kg r\u00f6ding att anl\u00e4nda.<\/p><p>Telefonmasten vid Hornsj\u00f6n \u00e4r nu ig\u00e5ng, s\u00e5 isfisket fungerar bra.<\/p><p>Stuguns FVO har storslagen natur p\u00e5 b\u00e5da sidor om\u00a0<em>Indals\u00e4lven<\/em>\u00a0med m\u00e5nga floder, b\u00e4ckar och dammar, och d\u00e4r fritidsfisket har utvecklats under de senaste \u00e5ren med mycket goda resultat.<\/p><p>H\u00e4r kan du hitta \u00f6ring, r\u00f6ding, regnb\u00e5ge, sik, m\u00f6rt, harr, abborre, m\u00f6rt och g\u00e4dda.<\/p><p>Omr\u00e5det omfattar n\u00e4stan 30 km av Indals\u00e4lven fr\u00e5n Midskogs kraftverk till \u00f6vre delen av Gesunden med en blandning av sj\u00f6- och \u00e4lvkarakt\u00e4r. Det \u00e4r m\u00f6jligt att fiska b\u00e5de fr\u00e5n b\u00e5t och fr\u00e5n land. Vindskydd med grillplatser finns vid popul\u00e4ra strandhuggsplatser.<\/p><p>Det finns sj\u00f6s\u00e4ttningsramper p\u00e5 \u00e4lven mellan Stuguns och N\u00e4verede kraftverk. Vi kommer att \u00f6ppna tv\u00e5 sj\u00f6s\u00e4ttningsplatser sommaren 2024. En ovanf\u00f6r Sk\u00f6nvik och en i N\u00e4verede.<\/p>\t\t\t\t\t\t\t\t<\/div>\n\t\t\t\t<div class=\"elementor-element elementor-element-9a51997 elementor-widget elementor-widget-image\" data-id=\"9a51997\" data-element_type=\"widget\" data-e-type=\"widget\" data-widget_type=\"image.default\">\n\t\t\t\t\t\t\t\t\t\t\t\t\t\t\t<img decoding=\"async\" width=\"1024\" height=\"668\" src=\"https:\/\/sunshinestuga.se\/wp-content\/uploads\/2025\/09\/Hornsjon-map-1024x668.avif\" class=\"attachment-large size-large wp-image-2645\" alt=\"\" srcset=\"https:\/\/sunshinestuga.se\/wp-content\/uploads\/2025\/09\/Hornsjon-map-1024x668.avif 1024w, https:\/\/sunshinestuga.se\/wp-content\/uploads\/2025\/09\/Hornsjon-map-300x196.avif 300w, https:\/\/sunshinestuga.se\/wp-content\/uploads\/2025\/09\/Hornsjon-map-768x501.avif 768w, https:\/\/sunshinestuga.se\/wp-content\/uploads\/2025\/09\/Hornsjon-map-18x12.avif 18w, https:\/\/sunshinestuga.se\/wp-content\/uploads\/2025\/09\/Hornsjon-map.avif 1415w\" sizes=\"(max-width: 1024px) 100vw, 1024px\" \/>\t\t\t\t\t\t\t\t\t\t\t\t\t\t\t<\/div>\n\t\t\t\t<\/div>\n\t\t\t\t\t<\/details>\n\t\t\t\t\t\t<details id=\"e-n-accordion-item-2582\" class=\"e-n-accordion-item\" >\n\t\t\t\t<summary class=\"e-n-accordion-item-title\" data-accordion-index=\"3\" tabindex=\"-1\" aria-expanded=\"false\" aria-controls=\"e-n-accordion-item-2582\" >\n\t\t\t\t\t<span class='e-n-accordion-item-title-header'><div class=\"e-n-accordion-item-title-text\"> Fiskekort <\/div><\/span>\n\t\t\t\t\t\t\t<span class='e-n-accordion-item-title-icon'>\n\t\t\t<span class='e-opened' ><svg aria-hidden=\"true\" class=\"e-font-icon-svg e-fas-minus\" viewbox=\"0 0 448 512\" xmlns=\"http:\/\/www.w3.org\/2000\/svg\"><path d=\"M416 208H32c-17.67 0-32 14.33-32 32v32c0 17.67 14.33 32 32 32h384c17.67 0 32-14.33 32-32v-32c0-17.67-14.33-32-32-32z\"><\/path><\/svg><\/span>\n\t\t\t<span class='e-closed'><svg aria-hidden=\"true\" class=\"e-font-icon-svg e-fas-plus\" viewbox=\"0 0 448 512\" xmlns=\"http:\/\/www.w3.org\/2000\/svg\"><path d=\"M416 208H272V64c0-17.67-14.33-32-32-32h-32c-17.67 0-32 14.33-32 32v144H32c-17.67 0-32 14.33-32 32v32c0 17.67 14.33 32 32 32h144v144c0 17.67 14.33 32 32 32h32c17.67 0 32-14.33 32-32V304h144c17.67 0 32-14.33 32-32v-32c0-17.67-14.33-32-32-32z\"><\/path><\/svg><\/span>\n\t\t<\/span>\n\n\t\t\t\t\t\t<\/summary>\n\t\t\t\t<div role=\"region\" aria-labelledby=\"e-n-accordion-item-2582\" class=\"elementor-element elementor-element-36ee43a e-flex e-con-boxed e-con e-child\" data-id=\"36ee43a\" data-element_type=\"container\" data-e-type=\"container\">\n\t\t\t\t\t<div class=\"e-con-inner\">\n\t\t\t\t<div class=\"elementor-element elementor-element-1671142 elementor-widget elementor-widget-text-editor\" data-id=\"1671142\" data-element_type=\"widget\" data-e-type=\"widget\" data-widget_type=\"text-editor.default\">\n\t\t\t\t\t\t\t\t\t<p>Ett giltigt fiskekort kan k\u00f6pas via detta <a href=\"https:\/\/www.ifiske.se\/en\/fishing-permit-hornsjon-indalsalven-mortsjoarna-mfl.htm\" target=\"_blank\" rel=\"noopener\">l\u00e4nk<\/a>. (Observera att du sj\u00e4lv \u00e4r ansvarig f\u00f6r detta).<\/p>\t\t\t\t\t\t\t\t<\/div>\n\t\t\t\t\t<\/div>\n\t\t\t\t<\/div>\n\t\t\t\t\t<\/details>\n\t\t\t\t\t<\/div>\n\t\t\t\t\t\t<\/div>\n\t\t\t\t<\/div>\n\t\t\t\t\t<\/div>\n\t\t\t\t<\/div>\n\t\t<div class=\"elementor-element elementor-element-081e010 e-flex e-con-boxed e-con e-parent\" data-id=\"081e010\" data-element_type=\"container\" data-e-type=\"container\">\n\t\t\t\t\t<div class=\"e-con-inner\">\n\t\t<div class=\"elementor-element elementor-element-2d8eda4 e-con-full e-flex e-con e-child\" data-id=\"2d8eda4\" data-element_type=\"container\" data-e-type=\"container\">\n\t\t\t\t<div class=\"elementor-element elementor-element-46f2658 elementor-widget elementor-widget-heading\" data-id=\"46f2658\" data-element_type=\"widget\" data-e-type=\"widget\" data-widget_type=\"heading.default\">\n\t\t\t\t\t<h2 class=\"elementor-heading-title elementor-size-default\">Fiske i n\u00e4rheten av Sunshine Stuga Bergvik<\/h2>\t\t\t\t<\/div>\n\t\t\t\t<div class=\"elementor-element elementor-element-77f3c1d elementor-widget elementor-widget-text-editor\" data-id=\"77f3c1d\" data-element_type=\"widget\" data-e-type=\"widget\" data-widget_type=\"text-editor.default\">\n\t\t\t\t\t\t\t\t\t<p>Kommer snart...<\/p>\t\t\t\t\t\t\t\t<\/div>\n\t\t\t\t<\/div>\n\t\t\t\t\t<\/div>\n\t\t\t\t<\/div>\n\t\t<div class=\"elementor-element elementor-element-ace1bc5 e-flex e-con-boxed e-con e-parent\" data-id=\"ace1bc5\" data-element_type=\"container\" data-e-type=\"container\">\n\t\t\t\t\t<div class=\"e-con-inner\">\n\t\t\t\t\t<\/div>\n\t\t\t\t<\/div>\n\t\t\t\t<\/div>","protected":false},"excerpt":{"rendered":"<p>Fishing This information was also made possible by Patrick van Eldert &#8211; guest in September 2025. It is important that you have a valid fishing license, otherwise you risk a fine of SEK 2.000:- This can be easily purchased online at iFiske.se. Fishing in the vicinity of Sunshine Stuga M\u00f6rtsj\u00f6n Matviktj\u00e4rnen From the cottage, it [&hellip;]<\/p>\n","protected":false},"author":1,"featured_media":0,"parent":0,"menu_order":0,"comment_status":"closed","ping_status":"closed","template":"","meta":{"footnotes":""},"class_list":["post-2666","page","type-page","status-publish","hentry"],"blocksy_meta":{"page_title_panel":"","has_hero_section":"disabled","639fae71cd4537bc0a883c0aaf88ec99":"","hero_section":"type-1","hero_elements":[{"id":"custom_title","enabled":true,"heading_tag":"h1","title":"Hem"},{"id":"custom_description","enabled":true,"description_visibility":{"desktop":true,"tablet":true,"mobile":false}},{"id":"custom_meta","enabled":false,"meta_elements":[{"id":"author","enabled":true,"label":"By","has_author_avatar":"yes","avatar_size":25},{"id":"post_date","enabled":true,"label":"On","date_format_source":"default","date_format":"M j, Y"},{"id":"updated_date","enabled":false,"label":"On","date_format_source":"default","date_format":"M j, Y"},{"id":"categories","enabled":false,"label":"In","style":"simple"},{"id":"comments","enabled":true}],"page_meta_elements":{"joined":true,"articles_count":true,"comments":true}},{"id":"breadcrumbs","enabled":false}],"47c8001a124929593d151f953bfe1492":"","hero_alignment1":"CT_CSS_SKIP_RULE","hero_margin":40,"hero_alignment2":"center","hero_vertical_alignment":"center","b83a26013f76ffeae9675281bd9f5638":"","hero_structure":"narrow","cc29a153f8d854555d053ec06f940caf":"","page_title_bg_type":"featured_image","custom_hero_background":{"attachment_id":null},"page_title_image_size":"full","parallax":{"desktop":false,"tablet":false,"mobile":false},"cea9a11c70ebfb2b0954f90c5bcd65d1":"","hero_height":"250px","pageTitleFont":{"family":"Default","variation":"Default","size":"30px","line-height":"CT_CSS_SKIP_RULE","letter-spacing":"CT_CSS_SKIP_RULE","text-transform":"CT_CSS_SKIP_RULE","text-decoration":"CT_CSS_SKIP_RULE"},"pageTitleFontColor":{"default":{"color":"CT_CSS_SKIP_RULEDEFAULT"}},"pageMetaFont":{"family":"Default","variation":"n6","size":"12px","line-height":"1.3","letter-spacing":"CT_CSS_SKIP_RULE","text-transform":"uppercase","text-decoration":"CT_CSS_SKIP_RULE"},"pageMetaFontColor":{"default":{"color":"CT_CSS_SKIP_RULEDEFAULT"},"hover":{"color":"CT_CSS_SKIP_RULEDEFAULT"}},"page_meta_button_type_font_colors":{"default":{"color":"CT_CSS_SKIP_RULEDEFAULT"},"hover":{"color":"CT_CSS_SKIP_RULEDEFAULT"}},"page_meta_button_type_background_colors":{"default":{"color":"CT_CSS_SKIP_RULEDEFAULT"},"hover":{"color":"CT_CSS_SKIP_RULEDEFAULT"}},"pageExcerptFont":{"family":"Default","variation":"Default","size":"CT_CSS_SKIP_RULE","line-height":"CT_CSS_SKIP_RULE","letter-spacing":"CT_CSS_SKIP_RULE","text-transform":"CT_CSS_SKIP_RULE","text-decoration":"CT_CSS_SKIP_RULE"},"pageExcerptColor":{"default":{"color":"CT_CSS_SKIP_RULEDEFAULT"}},"breadcrumbsFont":{"family":"Default","variation":"Default","size":"CT_CSS_SKIP_RULE","line-height":"CT_CSS_SKIP_RULE","letter-spacing":"CT_CSS_SKIP_RULE","text-transform":"CT_CSS_SKIP_RULE","text-decoration":"CT_CSS_SKIP_RULE"},"breadcrumbsFontColor":{"default":{"color":"CT_CSS_SKIP_RULEDEFAULT"},"initial":{"color":"CT_CSS_SKIP_RULEDEFAULT"},"hover":{"color":"CT_CSS_SKIP_RULEDEFAULT"}},"pageTitleOverlay":{"background_type":"color","background_pattern":"type-1","background_image":{"attachment_id":null,"x":0,"y":0},"gradient":"linear-gradient(135deg,rgba(6,147,227,1) 0%,rgb(155,81,224) 100%)","background_repeat":"repeat","background_size":"auto","background_attachment":"scroll","patternColor":{"default":{"color":"#e5e7ea"}},"overlayColor":{"default":{"color":"CT_CSS_SKIP_RULE"}},"backgroundColor":{"default":{"color":"CT_CSS_SKIP_RULE"}}},"pageTitleBackground":{"background_type":"color","background_pattern":"type-1","background_image":{"attachment_id":null,"x":0,"y":0},"gradient":"linear-gradient(135deg,rgba(6,147,227,1) 0%,rgb(155,81,224) 100%)","background_repeat":"repeat","background_size":"auto","background_attachment":"scroll","patternColor":{"default":{"color":"#e5e7ea"}},"overlayColor":{"default":{"color":"CT_CSS_SKIP_RULE"}},"backgroundColor":{"default":{"color":"var(--theme-palette-color-6)"}}},"pageTitlePadding":{"top":"50px","bottom":"50px","left":"auto","right":"auto","linked":true},"df3090d35b9640aba1d2d9fee304d26e":"","page_structure_type":"default","41cc65020fc26a53376fad9f6bc455f4":"","content_style_source":"inherit","content_style":"wide","vertical_spacing_source":"custom","content_area_spacing":"none","background":{"background_type":"color","background_pattern":"type-1","background_image":{"attachment_id":null,"x":0,"y":0},"gradient":"linear-gradient(135deg,rgba(6,147,227,1) 0%,rgb(155,81,224) 100%)","background_repeat":"repeat","background_size":"auto","background_attachment":"scroll","patternColor":{"default":{"color":"#e5e7ea"}},"overlayColor":{"default":{"color":"CT_CSS_SKIP_RULE"}},"backgroundColor":{"default":{"color":"CT_CSS_SKIP_RULE"}}},"content_background":{"background_type":"color","background_pattern":"type-1","background_image":{"attachment_id":null,"x":0,"y":0},"gradient":"linear-gradient(135deg,rgba(6,147,227,1) 0%,rgb(155,81,224) 100%)","background_repeat":"repeat","background_size":"auto","background_attachment":"scroll","patternColor":{"default":{"color":"#e5e7ea"}},"overlayColor":{"default":{"color":"CT_CSS_SKIP_RULE"}},"backgroundColor":{"default":{"color":"var(--theme-palette-color-8)"}}},"content_boxed_shadow":{"inherit":false,"blur":18,"spread":-6,"v_offset":12,"h_offset":0,"inset":false,"enable":true,"color":{"color":"rgba(34, 56, 101, 0.04)"}},"content_boxed_border":{"width":1,"style":"none","color":{"color":"rgba(44,62,80,0.2)"}},"content_boxed_radius":{"top":"3px","bottom":"3px","left":"3px","right":"3px","linked":true},"boxed_content_spacing":{"desktop":{"top":"40px","bottom":"40px","left":"40px","right":"40px","linked":true},"tablet":{"top":"35px","bottom":"35px","left":"35px","right":"35px","linked":true},"mobile":{"top":"20px","bottom":"20px","left":"20px","right":"20px","linked":true}},"da12a022bec6b5ab1c4bc0baace60dfc":"","disable_featured_image":"no","disable_share_box":"no","disable_header":"no","disable_footer":"no","styles_descriptor":{"styles":{"desktop":"","tablet":"","mobile":""},"google_fonts":[],"version":6}},"_links":{"self":[{"href":"https:\/\/sunshinestuga.se\/sv\/wp-json\/wp\/v2\/pages\/2666","targetHints":{"allow":["GET"]}}],"collection":[{"href":"https:\/\/sunshinestuga.se\/sv\/wp-json\/wp\/v2\/pages"}],"about":[{"href":"https:\/\/sunshinestuga.se\/sv\/wp-json\/wp\/v2\/types\/page"}],"author":[{"embeddable":true,"href":"https:\/\/sunshinestuga.se\/sv\/wp-json\/wp\/v2\/users\/1"}],"replies":[{"embeddable":true,"href":"https:\/\/sunshinestuga.se\/sv\/wp-json\/wp\/v2\/comments?post=2666"}],"version-history":[{"count":28,"href":"https:\/\/sunshinestuga.se\/sv\/wp-json\/wp\/v2\/pages\/2666\/revisions"}],"predecessor-version":[{"id":2732,"href":"https:\/\/sunshinestuga.se\/sv\/wp-json\/wp\/v2\/pages\/2666\/revisions\/2732"}],"wp:attachment":[{"href":"https:\/\/sunshinestuga.se\/sv\/wp-json\/wp\/v2\/media?parent=2666"}],"curies":[{"name":"wp","href":"https:\/\/api.w.org\/{rel}","templated":true}]}}